{"id":21,"date":"2022-12-01T09:46:48","date_gmt":"2022-12-01T09:46:48","guid":{"rendered":"https:\/\/thriftsaga.com\/fr\/?page_id=21"},"modified":"2025-09-27T09:15:55","modified_gmt":"2025-09-27T09:15:55","slug":"a-propos-de-thriftsaga","status":"publish","type":"page","link":"https:\/\/thriftsaga.com\/fr\/a-propos-de-thriftsaga\/","title":{"rendered":"\u00c0 Propos de Thriftsaga"},"content":{"rendered":"<h2><strong>\u00c0 propos de ThriftSaga.com et de la mani\u00e8re dont nous obtenons nos coupons<\/strong><\/h2>\n<p><strong>Nous recherchons, testons et v\u00e9rifions les offres depuis 2017 !<\/strong><\/p>\n<p class=\"p1\">Chez ThriftSaga.com, notre mission est simple : vous aider \u00e0 \u00e9conomiser au quotidien sur les produits que vous aimez d\u00e9j\u00e0. Depuis 2017, nous collaborons avec certaines des plus grandes marques mondiales afin de proposer aux acheteurs les meilleures r\u00e9ductions disponibles, permettant ainsi \u00e0 nos utilisateurs d\u2019\u00e9conomiser plus de <strong>10 millions<\/strong> de dollars. Consid\u00e9rez-nous comme votre courtier virtuel en bons plans, vous connectant \u00e0 des offres issues de milliers de d\u00e9taillants de premier plan.<\/p>\n<p class=\"p1\">Mais nous ne nous contentons pas de publier des codes. Notre \u00e9quipe d\u2019experts chasseurs de bons plans travaille sans rel\u00e2che pour <strong>v\u00e9rifier en continu les coupons et codes promo<\/strong>, afin de garantir leur bon fonctionnement au moment o\u00f9 vous en avez besoin. Chaque \u00e9tape est pens\u00e9e pour rendre votre exp\u00e9rience d\u2019achat en ligne plus simple, plus rapide et surtout plus avantageuse. Vous profitez de vos achats, nous nous occupons des \u00e9conomies.<\/p>\n<p class=\"p1\">Avec ThriftSaga, vous disposez des meilleurs outils pour trouver les plus grandes r\u00e9ductions \u00e0 chaque visite. Avant votre prochain achat, passez d\u2019abord par ici. Vous ne le regretterez pas.<\/p>\n<p><img loading=\"lazy\" decoding=\"async\" class=\"wp-image-19958 aligncenter\" src=\"https:\/\/thriftsaga.com\/wp-content\/uploads\/2025\/09\/471303419_2392612337743380_4734067430819958065_n-1.jpg\" alt=\"\" width=\"700\" height=\"524\" \/><\/p>\n<h2><b>Comment fonctionne ThriftSaga.com<\/b><\/h2>\n<p class=\"p3\"><b>Nous simplifions vos \u00e9conomies.<\/b><b><\/b><\/p>\n<p class=\"p4\">Fini le d\u00e9filement sans fin ou la chasse aux offres expir\u00e9es. ThriftSaga met les meilleures offres \u00e0 port\u00e9e de main, vous permettant de faire vos achats plus intelligemment dans vos magasins pr\u00e9f\u00e9r\u00e9s. Voici comment nous proc\u00e9dons :<\/p>\n<p class=\"p4\"><span class=\"s2\"><b>Coupons et r\u00e9ductions v\u00e9rifi\u00e9s<\/b><\/span> \u2013 Notre \u00e9quipe contr\u00f4le plus de <span class=\"s2\"><b>20 000 offres et codes chaque semaine<\/b><\/span>, en notant la derni\u00e8re date de v\u00e9rification, combien de fois ils ont \u00e9t\u00e9 utilis\u00e9s et <span class=\"s2\">quand ils expirent<\/span>, afin que vous disposiez toujours des \u00e9conomies les plus \u00e0 jour.<\/p>\n<p class=\"p4\"><span class=\"s2\"><b>3 200+ marques partenaires<\/b><\/span> \u2013 Des noms bien connus comme <span class=\"s2\"><b>SHEIN, Kipling <\/b>et<b> Bonprix<\/b><\/span>\u00a0jusqu\u2019aux marques montantes comme <span class=\"s2\"><b>PLT<\/b><\/span>, ThriftSaga collabore avec plus de 3 200 d\u00e9taillants. Beaucoup de nos offres sont <span class=\"s2\">exclusives<\/span>, ce qui signifie que vous ne les trouverez nulle part ailleurs.<\/p>\n<p class=\"p4\"><span class=\"s2\"><b>Astuces shopping intelligentes<\/b><\/span> \u2013 Notre blog regorge de conseils pour \u00e9conomiser, de s\u00e9lections saisonni\u00e8res et d\u2019astuces d\u2019experts, le tout r\u00e9dig\u00e9 par une \u00e9quipe passionn\u00e9e de chasse aux bonnes affaires.<\/p>\n<p class=\"p4\">Avec ThriftSaga, trouver le meilleur prix n\u2019est plus une corv\u00e9e ; <span class=\"s2\">c\u2019est garanti !<\/span><\/p>\n","protected":false},"excerpt":{"rendered":"<p>\u00c0 propos de ThriftSaga.com et de la mani\u00e8re dont nous obtenons nos coupons Nous recherchons, testons et v\u00e9rifions les offres depuis 2017 ! Chez ThriftSaga.com, notre mission est simple : vous aider \u00e0 \u00e9conomiser au quotidien sur les produits que vous aimez d\u00e9j\u00e0. Depuis 2017, nous collaborons avec certaines des plus grandes marques mondiales afin [&hellip;]<\/p>\n","protected":false},"author":3,"featured_media":0,"parent":0,"menu_order":4,"comment_status":"closed","ping_status":"closed","template":"","meta":{"_acf_changed":false,"footnotes":""},"class_list":["post-21","page","type-page","status-publish","hentry"],"acf":[],"yoast_head":"<!-- This site is optimized with the Yoast SEO plugin v26.0 - https:\/\/yoast.com\/wordpress\/plugins\/seo\/ -->\n<title>\u00c0 Propos de Thriftsaga - Thriftsaga<\/title>\n<meta name=\"description\" content=\"Thriftsaga est un site qui regroupe les codes promo et les promotions pour les consommateurs en ligne.Chez Thriftsaga vous pourrez trouver...\" \/>\n<meta name=\"robots\" content=\"index, follow, max-snippet:-1, max-image-preview:large, max-video-preview:-1\" \/>\n<link rel=\"canonical\" href=\"https:\/\/thriftsaga.com\/fr\/a-propos-de-thriftsaga\/\" \/>\n<meta property=\"og:locale\" content=\"en_US\" \/>\n<meta property=\"og:type\" content=\"article\" \/>\n<meta property=\"og:title\" content=\"\u00c0 Propos de Thriftsaga - Thriftsaga\" \/>\n<meta property=\"og:description\" content=\"Thriftsaga est un site qui regroupe les codes promo et les promotions pour les consommateurs en ligne.Chez Thriftsaga vous pourrez trouver...\" \/>\n<meta property=\"og:url\" content=\"https:\/\/thriftsaga.com\/fr\/a-propos-de-thriftsaga\/\" \/>\n<meta property=\"og:site_name\" content=\"Thriftsaga\" \/>\n<meta property=\"article:modified_time\" content=\"2025-09-27T09:15:55+00:00\" \/>\n<meta name=\"twitter:card\" content=\"summary_large_image\" \/>\n<meta name=\"twitter:label1\" content=\"Est. reading time\" \/>\n\t<meta name=\"twitter:data1\" content=\"2 minutes\" \/>\n<script type=\"application\/ld+json\" class=\"yoast-schema-graph\">{\"@context\":\"https:\/\/schema.org\",\"@graph\":[{\"@type\":\"WebPage\",\"@id\":\"https:\/\/thriftsaga.com\/fr\/a-propos-de-thriftsaga\/\",\"url\":\"https:\/\/thriftsaga.com\/fr\/a-propos-de-thriftsaga\/\",\"name\":\"\u00c0 Propos de Thriftsaga - Thriftsaga\",\"isPartOf\":{\"@id\":\"https:\/\/thriftsaga.com\/fr\/#website\"},\"primaryImageOfPage\":{\"@id\":\"https:\/\/thriftsaga.com\/fr\/a-propos-de-thriftsaga\/#primaryimage\"},\"image\":{\"@id\":\"https:\/\/thriftsaga.com\/fr\/a-propos-de-thriftsaga\/#primaryimage\"},\"thumbnailUrl\":\"https:\/\/thriftsaga.com\/wp-content\/uploads\/2025\/09\/471303419_2392612337743380_4734067430819958065_n-1.jpg\",\"datePublished\":\"2022-12-01T09:46:48+00:00\",\"dateModified\":\"2025-09-27T09:15:55+00:00\",\"description\":\"Thriftsaga est un site qui regroupe les codes promo et les promotions pour les consommateurs en ligne.Chez Thriftsaga vous pourrez trouver...\",\"breadcrumb\":{\"@id\":\"https:\/\/thriftsaga.com\/fr\/a-propos-de-thriftsaga\/#breadcrumb\"},\"inLanguage\":\"en-US\",\"potentialAction\":[{\"@type\":\"ReadAction\",\"target\":[\"https:\/\/thriftsaga.com\/fr\/a-propos-de-thriftsaga\/\"]}]},{\"@type\":\"ImageObject\",\"inLanguage\":\"en-US\",\"@id\":\"https:\/\/thriftsaga.com\/fr\/a-propos-de-thriftsaga\/#primaryimage\",\"url\":\"https:\/\/thriftsaga.com\/wp-content\/uploads\/2025\/09\/471303419_2392612337743380_4734067430819958065_n-1.jpg\",\"contentUrl\":\"https:\/\/thriftsaga.com\/wp-content\/uploads\/2025\/09\/471303419_2392612337743380_4734067430819958065_n-1.jpg\"},{\"@type\":\"BreadcrumbList\",\"@id\":\"https:\/\/thriftsaga.com\/fr\/a-propos-de-thriftsaga\/#breadcrumb\",\"itemListElement\":[{\"@type\":\"ListItem\",\"position\":1,\"name\":\"Home\",\"item\":\"https:\/\/thriftsaga.com\/fr\/\"},{\"@type\":\"ListItem\",\"position\":2,\"name\":\"\u00c0 Propos de Thriftsaga\"}]},{\"@type\":\"WebSite\",\"@id\":\"https:\/\/thriftsaga.com\/fr\/#website\",\"url\":\"https:\/\/thriftsaga.com\/fr\/\",\"name\":\"Thriftsaga\",\"description\":\"\",\"potentialAction\":[{\"@type\":\"SearchAction\",\"target\":{\"@type\":\"EntryPoint\",\"urlTemplate\":\"https:\/\/thriftsaga.com\/fr\/?s={search_term_string}\"},\"query-input\":{\"@type\":\"PropertyValueSpecification\",\"valueRequired\":true,\"valueName\":\"search_term_string\"}}],\"inLanguage\":\"en-US\"}]}<\/script>\n<!-- \/ Yoast SEO plugin. -->","yoast_head_json":{"title":"\u00c0 Propos de Thriftsaga - Thriftsaga","description":"Thriftsaga est un site qui regroupe les codes promo et les promotions pour les consommateurs en ligne.Chez Thriftsaga vous pourrez trouver...","robots":{"index":"index","follow":"follow","max-snippet":"max-snippet:-1","max-image-preview":"max-image-preview:large","max-video-preview":"max-video-preview:-1"},"canonical":"https:\/\/thriftsaga.com\/fr\/a-propos-de-thriftsaga\/","og_locale":"en_US","og_type":"article","og_title":"\u00c0 Propos de Thriftsaga - Thriftsaga","og_description":"Thriftsaga est un site qui regroupe les codes promo et les promotions pour les consommateurs en ligne.Chez Thriftsaga vous pourrez trouver...","og_url":"https:\/\/thriftsaga.com\/fr\/a-propos-de-thriftsaga\/","og_site_name":"Thriftsaga","article_modified_time":"2025-09-27T09:15:55+00:00","twitter_card":"summary_large_image","twitter_misc":{"Est. reading time":"2 minutes"},"schema":{"@context":"https:\/\/schema.org","@graph":[{"@type":"WebPage","@id":"https:\/\/thriftsaga.com\/fr\/a-propos-de-thriftsaga\/","url":"https:\/\/thriftsaga.com\/fr\/a-propos-de-thriftsaga\/","name":"\u00c0 Propos de Thriftsaga - Thriftsaga","isPartOf":{"@id":"https:\/\/thriftsaga.com\/fr\/#website"},"primaryImageOfPage":{"@id":"https:\/\/thriftsaga.com\/fr\/a-propos-de-thriftsaga\/#primaryimage"},"image":{"@id":"https:\/\/thriftsaga.com\/fr\/a-propos-de-thriftsaga\/#primaryimage"},"thumbnailUrl":"https:\/\/thriftsaga.com\/wp-content\/uploads\/2025\/09\/471303419_2392612337743380_4734067430819958065_n-1.jpg","datePublished":"2022-12-01T09:46:48+00:00","dateModified":"2025-09-27T09:15:55+00:00","description":"Thriftsaga est un site qui regroupe les codes promo et les promotions pour les consommateurs en ligne.Chez Thriftsaga vous pourrez trouver...","breadcrumb":{"@id":"https:\/\/thriftsaga.com\/fr\/a-propos-de-thriftsaga\/#breadcrumb"},"inLanguage":"en-US","potentialAction":[{"@type":"ReadAction","target":["https:\/\/thriftsaga.com\/fr\/a-propos-de-thriftsaga\/"]}]},{"@type":"ImageObject","inLanguage":"en-US","@id":"https:\/\/thriftsaga.com\/fr\/a-propos-de-thriftsaga\/#primaryimage","url":"https:\/\/thriftsaga.com\/wp-content\/uploads\/2025\/09\/471303419_2392612337743380_4734067430819958065_n-1.jpg","contentUrl":"https:\/\/thriftsaga.com\/wp-content\/uploads\/2025\/09\/471303419_2392612337743380_4734067430819958065_n-1.jpg"},{"@type":"BreadcrumbList","@id":"https:\/\/thriftsaga.com\/fr\/a-propos-de-thriftsaga\/#breadcrumb","itemListElement":[{"@type":"ListItem","position":1,"name":"Home","item":"https:\/\/thriftsaga.com\/fr\/"},{"@type":"ListItem","position":2,"name":"\u00c0 Propos de Thriftsaga"}]},{"@type":"WebSite","@id":"https:\/\/thriftsaga.com\/fr\/#website","url":"https:\/\/thriftsaga.com\/fr\/","name":"Thriftsaga","description":"","potentialAction":[{"@type":"SearchAction","target":{"@type":"EntryPoint","urlTemplate":"https:\/\/thriftsaga.com\/fr\/?s={search_term_string}"},"query-input":{"@type":"PropertyValueSpecification","valueRequired":true,"valueName":"search_term_string"}}],"inLanguage":"en-US"}]}},"_links":{"self":[{"href":"https:\/\/thriftsaga.com\/fr\/wp-json\/wp\/v2\/pages\/21","targetHints":{"allow":["GET"]}}],"collection":[{"href":"https:\/\/thriftsaga.com\/fr\/wp-json\/wp\/v2\/pages"}],"about":[{"href":"https:\/\/thriftsaga.com\/fr\/wp-json\/wp\/v2\/types\/page"}],"author":[{"embeddable":true,"href":"https:\/\/thriftsaga.com\/fr\/wp-json\/wp\/v2\/users\/3"}],"replies":[{"embeddable":true,"href":"https:\/\/thriftsaga.com\/fr\/wp-json\/wp\/v2\/comments?post=21"}],"version-history":[{"count":6,"href":"https:\/\/thriftsaga.com\/fr\/wp-json\/wp\/v2\/pages\/21\/revisions"}],"predecessor-version":[{"id":7228,"href":"https:\/\/thriftsaga.com\/fr\/wp-json\/wp\/v2\/pages\/21\/revisions\/7228"}],"wp:attachment":[{"href":"https:\/\/thriftsaga.com\/fr\/wp-json\/wp\/v2\/media?parent=21"}],"curies":[{"name":"wp","href":"https:\/\/api.w.org\/{rel}","templated":true}]}}