{"id":23,"date":"2022-12-01T09:47:04","date_gmt":"2022-12-01T09:47:04","guid":{"rendered":"https:\/\/thriftsaga.com\/fr\/?page_id=23"},"modified":"2025-06-14T06:16:40","modified_gmt":"2025-06-14T06:16:40","slug":"politique-de-confidentialite","status":"publish","type":"page","link":"https:\/\/thriftsaga.com\/fr\/politique-de-confidentialite\/","title":{"rendered":"Politique de confidentialit\u00e9"},"content":{"rendered":"<p>Thriftsaga respecte votre vie priv\u00e9e et se d\u00e9die \u00e0 la sauvergarde et la pr\u00e9servation de cette derni\u00e8re lorsque vous utilisez notre application, visitez notre site ou communiquez \u00e9lectroniquement avec nous..<\/p>\n<p>Cette politique de confidentialit\u00e9, qui s\u2019ajoute \u00e0 nos conditions d\u2019utilisation, explique<\/p>\n<ul>\n<li>Quel type d\u2019informations personnelles et non personnelles nous recueillons<\/li>\n<li>Comment l&#8217;information est utilis\u00e9e<\/li>\n<li>Comment nous stockons ces informations<\/li>\n<li>Comment vous pouvez acc\u00e9der \u00e0 ces informations<\/li>\n<\/ul>\n<p>En utilisant Thriftsaga, vous acceptez les termes de notre politique de confidentialit\u00e9.Si vous n&#8217;\u00eates pas d&#8217;accord avec ces termes, veuillez ne pas continuer \u00e0 utiliser Thriftsaga.<\/p>\n<h5>Collecte des informations<\/h5>\n<p>Nous collectons les informations afin de vous proposer des offres qui vous correspondent le plus afin de vous offrir le meilleur service lorsque vous utilisez Thriftsaga.Nous recueillons et utilisons les informations suivantes<\/p>\n<p>Informations que vous nous fournissez<\/p>\n<h5>Information d&#8217;inscription<\/h5>\n<p>Lorsque vous utilisez un coupon pour la premi\u00e8re fois, nous vous demandons de vous enregistrer et de nous fournir les informations personnelles suivantes : nom, adresse e-mail, date de naissance, code postal et sexe.<\/p>\n<p>Ces informations que vous fournissez, de m\u00eame que les donn\u00e9es d\u2019utilisation de vos coupons, peuvent nous servir \u00e0 am\u00e9liorer votre exp\u00e9rience Thriftsaga. Nous vous donnerons toujours la possibilit\u00e9 de vous d\u00e9sabonner de nos communications par e-mail.<\/p>\n<p>Informations que vous fournissez sur les sites Web de nos partenaires Vous trouverez sur notre site des liens vers des sites ext\u00e9rieurs. Ces sites appliquent en principe leur propre politique de confidentialit\u00e9, que nous vous invitons \u00e0 consulter. Nousn\u2019acceptons aucune responsabilit\u00e9 quant \u00e0 ces politiques, qui sont totalement hors de notre contr\u00f4le.<\/p>\n<p>Information que nous obtenons lorsque vous utilisez notre service<\/p>\n<h5>Communication directe avec Thriftsaga<\/h5>\n<p>Lorsque vous envoyez un e-mail ou communiquez par un autre moyen avec Thriftsaga, il est possible que nous conservions cette communication afin de mieux vous servir<\/p>\n<h5>Votre localization<\/h5>\n<p>Lorsque vous utilisez notre application et site web, vous pouvez recevoir une demande de localisation. Nous l&#8217;utilisons pour vous montrez les offres les plus pr\u00e8s de vous.<\/p>\n<h5>Vos informations mobiles<\/h5>\n<p>Lorsque vous utilisez l&#8217;application Thriftsaga pour la premi\u00e8re fois, nous recevons un identifiant unique pour votre mobile. Nous pouvons \u00e9galement recevoir votre num\u00e9ro de t\u00e9l\u00e9phone (MISDEN). En t\u00e9l\u00e9chargeant l&#8217;app Thriftsaga vous acceptez que nous puissions utiliser ces informations pour vous envoyer des SMS ou des notifications \u00e0 propose d&#8217;offres.Nous n&#8217;utiliserons pas ces informations pour vous appelez ou pour du t\u00e9l\u00e9marketing.<\/p>\n<h5>Cookies et technologies similaires<\/h5>\n<p>Nous utilisons des technologies, incluant Segment.io pour rassembler des informations concernant vos activit\u00e9s lorsque vous utilisez notre site web et application. Nous rassemblons \u00e9galement des informations sur votre activit\u00e9 g\u00e9n\u00e9rale sur internet en utilisant un fichier cookie. Un fichier cookie est un petit dossier texte qui est automatiquement t\u00e9l\u00e9charg\u00e9 sur votre ordinateur lorsque vous visitez un site. Ce fichier cookie est conserv\u00e9 sur le disque dur de votre ordinateur. Il nous aide \u00e0 am\u00e9liorer notre site et notre service que nous vous offrons.<\/p>\n<p>Tous les ordinateurs ont la capacit\u00e9 de refuser les cookies. Cela peut \u00eatre fait en activant le param\u00e8tre sur votre navigateur qui vous permettra de refuser les cookies. Veuillez noter que sans l\u2019utilisation des cookies, le site web ne fonctionnera pas aussi bien pour vous.<\/p>\n<h5>Comment vos informations sont utilis\u00e9es<\/h5>\n<p>Pour communiquer avec vous<\/p>\n<p>Une des principales raisons pour laquelle nous utilisons ces informations est pour vous tenir au courant des offres et promotions qui pourraient vous int\u00e9resser via l&#8217;envoi d&#8217;emails, de notifications push ou de SMS.<\/p>\n<h5>Emails<\/h5>\n<p>Lorsque vous devenez un mebre Thriftsaga, nous vous envoyons des newsletters afin de vous pr\u00e9venir des offres. Nous pouvons vous envoyez \u00e9galement des offres de nos partenaires qui pourraient vous int\u00e9resser. Si vous ne souhaitez pas recevoir ces emails, vous pouvez cliquer sur le lien de d\u00e9sabonnement qui se trouve au bas de chaque e-mail. Vous serez alors redirig\u00e9 vers une page de param\u00e8tres de votre compte. Vous pourrez alors choisir les diff\u00e9rents types d&#8217;e-mails que vous souhaitez recevoir ou alors d\u00e9sactiver tous les emails.<\/p>\n<p>Pour personnaliser le contenu que vous recevez<\/p>\n<p>En collectant vos donn\u00e9es sur notre site web et application, nous sommes capables de d\u00e9terminer quelles offres vous int\u00e9resse.<\/p>\n<p>Pour vous offrir une meilleure exp\u00e9rience<\/p>\n<p>L&#8217;utilisation des cookies nous permet de nous rappeler de vos informations lorsque vous visitez notre site. Nous les utilisons pour am\u00e9liorer votre exp\u00e9rience sur notre site.<\/p>\n<h5>Comment nous conservons vos informations<\/h5>\n<p>Toutes les donn\u00e9es personnelles sont conserv\u00e9es de fa\u00e7on s\u00e9curis\u00e9e dans le respect de la r\u00e9glementation anglaise Data Protection Act 1998. Sauf si nous y sommes contraints par la loi, nous ne divulguerons vos donn\u00e9es \u00e0 personne. Selon le cas, nous nous r\u00e9servons toutefois le droit de divulguer vos informations \u00e0 un membre de notre groupe. Ceci inclut, selon le cas, nos affili\u00e9s, notre holding et\/ou d\u2019autres soci\u00e9t\u00e9s au sein de notre groupe.<\/p>\n<h5>Modifications de cette politique<\/h5>\n<p>Thriftsaga se r\u00e9serve le droit de modifier cette politique de confidentialit\u00e9. Si nous modifions cette politique de confidentialit\u00e9, nous vous signalerons ces modifications et vous inviterons \u00e0 approuver la nouvelle politique de confidentialit\u00e9.<\/p>\n<p>&nbsp;<\/p>\n","protected":false},"excerpt":{"rendered":"<p>Thriftsaga respecte votre vie priv\u00e9e et se d\u00e9die \u00e0 la sauvergarde et la pr\u00e9servation de cette derni\u00e8re lorsque vous utilisez notre application, visitez notre site ou communiquez \u00e9lectroniquement avec nous.. Cette politique de confidentialit\u00e9, qui s\u2019ajoute \u00e0 nos conditions d\u2019utilisation, explique Quel type d\u2019informations personnelles et non personnelles nous recueillons Comment l&#8217;information est utilis\u00e9e Comment [&hellip;]<\/p>\n","protected":false},"author":3,"featured_media":0,"parent":0,"menu_order":8,"comment_status":"closed","ping_status":"closed","template":"","meta":{"_acf_changed":false,"footnotes":""},"class_list":["post-23","page","type-page","status-publish","hentry"],"acf":[],"yoast_head":"<!-- This site is optimized with the Yoast SEO plugin v26.0 - https:\/\/yoast.com\/wordpress\/plugins\/seo\/ -->\n<title>Politique de confidentialit\u00e9 - Thriftsaga<\/title>\n<meta name=\"description\" content=\"thriftsaga respecte votre vie priv\u00e9e et se d\u00e9die \u00e0 la sauvergarde et la pr\u00e9servation de cette derni\u00e8re lorsque vous utilisez notre...\" \/>\n<meta name=\"robots\" content=\"index, follow, max-snippet:-1, max-image-preview:large, max-video-preview:-1\" \/>\n<link rel=\"canonical\" href=\"https:\/\/thriftsaga.com\/fr\/politique-de-confidentialite\/\" \/>\n<meta property=\"og:locale\" content=\"en_US\" \/>\n<meta property=\"og:type\" content=\"article\" \/>\n<meta property=\"og:title\" content=\"Politique de confidentialit\u00e9 - Thriftsaga\" \/>\n<meta property=\"og:description\" content=\"thriftsaga respecte votre vie priv\u00e9e et se d\u00e9die \u00e0 la sauvergarde et la pr\u00e9servation de cette derni\u00e8re lorsque vous utilisez notre...\" \/>\n<meta property=\"og:url\" content=\"https:\/\/thriftsaga.com\/fr\/politique-de-confidentialite\/\" \/>\n<meta property=\"og:site_name\" content=\"Thriftsaga\" \/>\n<meta property=\"article:modified_time\" content=\"2025-06-14T06:16:40+00:00\" \/>\n<meta name=\"twitter:card\" content=\"summary_large_image\" \/>\n<meta name=\"twitter:label1\" content=\"Est. reading time\" \/>\n\t<meta name=\"twitter:data1\" content=\"4 minutes\" \/>\n<script type=\"application\/ld+json\" class=\"yoast-schema-graph\">{\"@context\":\"https:\/\/schema.org\",\"@graph\":[{\"@type\":\"WebPage\",\"@id\":\"https:\/\/thriftsaga.com\/fr\/politique-de-confidentialite\/\",\"url\":\"https:\/\/thriftsaga.com\/fr\/politique-de-confidentialite\/\",\"name\":\"Politique de confidentialit\u00e9 - Thriftsaga\",\"isPartOf\":{\"@id\":\"https:\/\/thriftsaga.com\/fr\/#website\"},\"datePublished\":\"2022-12-01T09:47:04+00:00\",\"dateModified\":\"2025-06-14T06:16:40+00:00\",\"description\":\"thriftsaga respecte votre vie priv\u00e9e et se d\u00e9die \u00e0 la sauvergarde et la pr\u00e9servation de cette derni\u00e8re lorsque vous utilisez notre...\",\"breadcrumb\":{\"@id\":\"https:\/\/thriftsaga.com\/fr\/politique-de-confidentialite\/#breadcrumb\"},\"inLanguage\":\"en-US\",\"potentialAction\":[{\"@type\":\"ReadAction\",\"target\":[\"https:\/\/thriftsaga.com\/fr\/politique-de-confidentialite\/\"]}]},{\"@type\":\"BreadcrumbList\",\"@id\":\"https:\/\/thriftsaga.com\/fr\/politique-de-confidentialite\/#breadcrumb\",\"itemListElement\":[{\"@type\":\"ListItem\",\"position\":1,\"name\":\"Home\",\"item\":\"https:\/\/thriftsaga.com\/fr\/\"},{\"@type\":\"ListItem\",\"position\":2,\"name\":\"Politique de confidentialit\u00e9\"}]},{\"@type\":\"WebSite\",\"@id\":\"https:\/\/thriftsaga.com\/fr\/#website\",\"url\":\"https:\/\/thriftsaga.com\/fr\/\",\"name\":\"Thriftsaga\",\"description\":\"\",\"potentialAction\":[{\"@type\":\"SearchAction\",\"target\":{\"@type\":\"EntryPoint\",\"urlTemplate\":\"https:\/\/thriftsaga.com\/fr\/?s={search_term_string}\"},\"query-input\":{\"@type\":\"PropertyValueSpecification\",\"valueRequired\":true,\"valueName\":\"search_term_string\"}}],\"inLanguage\":\"en-US\"}]}<\/script>\n<!-- \/ Yoast SEO plugin. -->","yoast_head_json":{"title":"Politique de confidentialit\u00e9 - Thriftsaga","description":"thriftsaga respecte votre vie priv\u00e9e et se d\u00e9die \u00e0 la sauvergarde et la pr\u00e9servation de cette derni\u00e8re lorsque vous utilisez notre...","robots":{"index":"index","follow":"follow","max-snippet":"max-snippet:-1","max-image-preview":"max-image-preview:large","max-video-preview":"max-video-preview:-1"},"canonical":"https:\/\/thriftsaga.com\/fr\/politique-de-confidentialite\/","og_locale":"en_US","og_type":"article","og_title":"Politique de confidentialit\u00e9 - Thriftsaga","og_description":"thriftsaga respecte votre vie priv\u00e9e et se d\u00e9die \u00e0 la sauvergarde et la pr\u00e9servation de cette derni\u00e8re lorsque vous utilisez notre...","og_url":"https:\/\/thriftsaga.com\/fr\/politique-de-confidentialite\/","og_site_name":"Thriftsaga","article_modified_time":"2025-06-14T06:16:40+00:00","twitter_card":"summary_large_image","twitter_misc":{"Est. reading time":"4 minutes"},"schema":{"@context":"https:\/\/schema.org","@graph":[{"@type":"WebPage","@id":"https:\/\/thriftsaga.com\/fr\/politique-de-confidentialite\/","url":"https:\/\/thriftsaga.com\/fr\/politique-de-confidentialite\/","name":"Politique de confidentialit\u00e9 - Thriftsaga","isPartOf":{"@id":"https:\/\/thriftsaga.com\/fr\/#website"},"datePublished":"2022-12-01T09:47:04+00:00","dateModified":"2025-06-14T06:16:40+00:00","description":"thriftsaga respecte votre vie priv\u00e9e et se d\u00e9die \u00e0 la sauvergarde et la pr\u00e9servation de cette derni\u00e8re lorsque vous utilisez notre...","breadcrumb":{"@id":"https:\/\/thriftsaga.com\/fr\/politique-de-confidentialite\/#breadcrumb"},"inLanguage":"en-US","potentialAction":[{"@type":"ReadAction","target":["https:\/\/thriftsaga.com\/fr\/politique-de-confidentialite\/"]}]},{"@type":"BreadcrumbList","@id":"https:\/\/thriftsaga.com\/fr\/politique-de-confidentialite\/#breadcrumb","itemListElement":[{"@type":"ListItem","position":1,"name":"Home","item":"https:\/\/thriftsaga.com\/fr\/"},{"@type":"ListItem","position":2,"name":"Politique de confidentialit\u00e9"}]},{"@type":"WebSite","@id":"https:\/\/thriftsaga.com\/fr\/#website","url":"https:\/\/thriftsaga.com\/fr\/","name":"Thriftsaga","description":"","potentialAction":[{"@type":"SearchAction","target":{"@type":"EntryPoint","urlTemplate":"https:\/\/thriftsaga.com\/fr\/?s={search_term_string}"},"query-input":{"@type":"PropertyValueSpecification","valueRequired":true,"valueName":"search_term_string"}}],"inLanguage":"en-US"}]}},"_links":{"self":[{"href":"https:\/\/thriftsaga.com\/fr\/wp-json\/wp\/v2\/pages\/23","targetHints":{"allow":["GET"]}}],"collection":[{"href":"https:\/\/thriftsaga.com\/fr\/wp-json\/wp\/v2\/pages"}],"about":[{"href":"https:\/\/thriftsaga.com\/fr\/wp-json\/wp\/v2\/types\/page"}],"author":[{"embeddable":true,"href":"https:\/\/thriftsaga.com\/fr\/wp-json\/wp\/v2\/users\/3"}],"replies":[{"embeddable":true,"href":"https:\/\/thriftsaga.com\/fr\/wp-json\/wp\/v2\/comments?post=23"}],"version-history":[{"count":21,"href":"https:\/\/thriftsaga.com\/fr\/wp-json\/wp\/v2\/pages\/23\/revisions"}],"predecessor-version":[{"id":6703,"href":"https:\/\/thriftsaga.com\/fr\/wp-json\/wp\/v2\/pages\/23\/revisions\/6703"}],"wp:attachment":[{"href":"https:\/\/thriftsaga.com\/fr\/wp-json\/wp\/v2\/media?parent=23"}],"curies":[{"name":"wp","href":"https:\/\/api.w.org\/{rel}","templated":true}]}}