{"id":26,"date":"2022-12-01T09:47:24","date_gmt":"2022-12-01T09:47:24","guid":{"rendered":"https:\/\/thriftsaga.com\/fr\/?page_id=26"},"modified":"2025-09-26T10:28:03","modified_gmt":"2025-09-26T10:28:03","slug":"nous-contacter","status":"publish","type":"page","link":"https:\/\/thriftsaga.com\/fr\/nous-contacter\/","title":{"rendered":"Nous contacter"},"content":{"rendered":"<p>Nous aimons entendre les personnes int\u00e9ress\u00e9es par Thriftsaga, si vous souhaitez nous contacter et avoir des questions ou des commentaires, n\u2019h\u00e9sitez pas \u00e0 nous contacter.<\/p>\n<p><strong>\u00c9-mail<\/strong>: contact@thriftsaga.com<\/p>\n<p><strong>RAPPEL<\/strong>: Notre site (Thriftsaga) ne vend rien, tous les services et les coupons de r\u00e9duction chez nous sont gratuits. Si malheureusement vous voulez faire un \u00e9change ou il y a des probl\u00e8mes avec les produits du site de vente, nous sommes au regret de vous informer que l\u2019\u00e9quipe de Thriftsaga a le droit de ne pas les traiter. Nous vous remercions pour votre compr\u00e9hension. Si vous le souhaitez, vous pourrez contacter directement le marchand, merci.<\/p>\n<p><strong>HEURES D\u2019OUVERTURE<\/strong>:<br \/>\nDu lundi au vendredi de 8:00 \u2013 22:00 (UTC +8)<\/p>\n","protected":false},"excerpt":{"rendered":"<p>Nous aimons entendre les personnes int\u00e9ress\u00e9es par Thriftsaga, si vous souhaitez nous contacter et avoir des questions ou des commentaires, n\u2019h\u00e9sitez pas \u00e0 nous contacter. \u00c9-mail: contact@thriftsaga.com RAPPEL: Notre site (Thriftsaga) ne vend rien, tous les services et les coupons de r\u00e9duction chez nous sont gratuits. Si malheureusement vous voulez faire un \u00e9change ou il [&hellip;]<\/p>\n","protected":false},"author":3,"featured_media":0,"parent":0,"menu_order":6,"comment_status":"closed","ping_status":"closed","template":"","meta":{"_acf_changed":false,"footnotes":""},"class_list":["post-26","page","type-page","status-publish","hentry"],"acf":[],"yoast_head":"<!-- This site is optimized with the Yoast SEO plugin v26.0 - https:\/\/yoast.com\/wordpress\/plugins\/seo\/ -->\n<title>Nous contacter - Thriftsaga<\/title>\n<meta name=\"description\" content=\"Nous aimons entendre les personnes int\u00e9ress\u00e9es par Thriftsaga, si vous souhaitez nous contacter et avoir des questions ou des commentaires...\" \/>\n<meta name=\"robots\" content=\"index, follow, max-snippet:-1, max-image-preview:large, max-video-preview:-1\" \/>\n<link rel=\"canonical\" href=\"https:\/\/thriftsaga.com\/fr\/nous-contacter\/\" \/>\n<meta property=\"og:locale\" content=\"en_US\" \/>\n<meta property=\"og:type\" content=\"article\" \/>\n<meta property=\"og:title\" content=\"Nous contacter - Thriftsaga\" \/>\n<meta property=\"og:description\" content=\"Nous aimons entendre les personnes int\u00e9ress\u00e9es par Thriftsaga, si vous souhaitez nous contacter et avoir des questions ou des commentaires...\" \/>\n<meta property=\"og:url\" content=\"https:\/\/thriftsaga.com\/fr\/nous-contacter\/\" \/>\n<meta property=\"og:site_name\" content=\"Thriftsaga\" \/>\n<meta property=\"article:modified_time\" content=\"2025-09-26T10:28:03+00:00\" \/>\n<meta name=\"twitter:card\" content=\"summary_large_image\" \/>\n<meta name=\"twitter:label1\" content=\"Est. reading time\" \/>\n\t<meta name=\"twitter:data1\" content=\"1 minute\" \/>\n<script type=\"application\/ld+json\" class=\"yoast-schema-graph\">{\"@context\":\"https:\/\/schema.org\",\"@graph\":[{\"@type\":\"WebPage\",\"@id\":\"https:\/\/thriftsaga.com\/fr\/nous-contacter\/\",\"url\":\"https:\/\/thriftsaga.com\/fr\/nous-contacter\/\",\"name\":\"Nous contacter - Thriftsaga\",\"isPartOf\":{\"@id\":\"https:\/\/thriftsaga.com\/fr\/#website\"},\"datePublished\":\"2022-12-01T09:47:24+00:00\",\"dateModified\":\"2025-09-26T10:28:03+00:00\",\"description\":\"Nous aimons entendre les personnes int\u00e9ress\u00e9es par Thriftsaga, si vous souhaitez nous contacter et avoir des questions ou des commentaires...\",\"breadcrumb\":{\"@id\":\"https:\/\/thriftsaga.com\/fr\/nous-contacter\/#breadcrumb\"},\"inLanguage\":\"en-US\",\"potentialAction\":[{\"@type\":\"ReadAction\",\"target\":[\"https:\/\/thriftsaga.com\/fr\/nous-contacter\/\"]}]},{\"@type\":\"BreadcrumbList\",\"@id\":\"https:\/\/thriftsaga.com\/fr\/nous-contacter\/#breadcrumb\",\"itemListElement\":[{\"@type\":\"ListItem\",\"position\":1,\"name\":\"Home\",\"item\":\"https:\/\/thriftsaga.com\/fr\/\"},{\"@type\":\"ListItem\",\"position\":2,\"name\":\"Nous contacter\"}]},{\"@type\":\"WebSite\",\"@id\":\"https:\/\/thriftsaga.com\/fr\/#website\",\"url\":\"https:\/\/thriftsaga.com\/fr\/\",\"name\":\"Thriftsaga\",\"description\":\"\",\"potentialAction\":[{\"@type\":\"SearchAction\",\"target\":{\"@type\":\"EntryPoint\",\"urlTemplate\":\"https:\/\/thriftsaga.com\/fr\/?s={search_term_string}\"},\"query-input\":{\"@type\":\"PropertyValueSpecification\",\"valueRequired\":true,\"valueName\":\"search_term_string\"}}],\"inLanguage\":\"en-US\"}]}<\/script>\n<!-- \/ Yoast SEO plugin. -->","yoast_head_json":{"title":"Nous contacter - Thriftsaga","description":"Nous aimons entendre les personnes int\u00e9ress\u00e9es par Thriftsaga, si vous souhaitez nous contacter et avoir des questions ou des commentaires...","robots":{"index":"index","follow":"follow","max-snippet":"max-snippet:-1","max-image-preview":"max-image-preview:large","max-video-preview":"max-video-preview:-1"},"canonical":"https:\/\/thriftsaga.com\/fr\/nous-contacter\/","og_locale":"en_US","og_type":"article","og_title":"Nous contacter - Thriftsaga","og_description":"Nous aimons entendre les personnes int\u00e9ress\u00e9es par Thriftsaga, si vous souhaitez nous contacter et avoir des questions ou des commentaires...","og_url":"https:\/\/thriftsaga.com\/fr\/nous-contacter\/","og_site_name":"Thriftsaga","article_modified_time":"2025-09-26T10:28:03+00:00","twitter_card":"summary_large_image","twitter_misc":{"Est. reading time":"1 minute"},"schema":{"@context":"https:\/\/schema.org","@graph":[{"@type":"WebPage","@id":"https:\/\/thriftsaga.com\/fr\/nous-contacter\/","url":"https:\/\/thriftsaga.com\/fr\/nous-contacter\/","name":"Nous contacter - Thriftsaga","isPartOf":{"@id":"https:\/\/thriftsaga.com\/fr\/#website"},"datePublished":"2022-12-01T09:47:24+00:00","dateModified":"2025-09-26T10:28:03+00:00","description":"Nous aimons entendre les personnes int\u00e9ress\u00e9es par Thriftsaga, si vous souhaitez nous contacter et avoir des questions ou des commentaires...","breadcrumb":{"@id":"https:\/\/thriftsaga.com\/fr\/nous-contacter\/#breadcrumb"},"inLanguage":"en-US","potentialAction":[{"@type":"ReadAction","target":["https:\/\/thriftsaga.com\/fr\/nous-contacter\/"]}]},{"@type":"BreadcrumbList","@id":"https:\/\/thriftsaga.com\/fr\/nous-contacter\/#breadcrumb","itemListElement":[{"@type":"ListItem","position":1,"name":"Home","item":"https:\/\/thriftsaga.com\/fr\/"},{"@type":"ListItem","position":2,"name":"Nous contacter"}]},{"@type":"WebSite","@id":"https:\/\/thriftsaga.com\/fr\/#website","url":"https:\/\/thriftsaga.com\/fr\/","name":"Thriftsaga","description":"","potentialAction":[{"@type":"SearchAction","target":{"@type":"EntryPoint","urlTemplate":"https:\/\/thriftsaga.com\/fr\/?s={search_term_string}"},"query-input":{"@type":"PropertyValueSpecification","valueRequired":true,"valueName":"search_term_string"}}],"inLanguage":"en-US"}]}},"_links":{"self":[{"href":"https:\/\/thriftsaga.com\/fr\/wp-json\/wp\/v2\/pages\/26","targetHints":{"allow":["GET"]}}],"collection":[{"href":"https:\/\/thriftsaga.com\/fr\/wp-json\/wp\/v2\/pages"}],"about":[{"href":"https:\/\/thriftsaga.com\/fr\/wp-json\/wp\/v2\/types\/page"}],"author":[{"embeddable":true,"href":"https:\/\/thriftsaga.com\/fr\/wp-json\/wp\/v2\/users\/3"}],"replies":[{"embeddable":true,"href":"https:\/\/thriftsaga.com\/fr\/wp-json\/wp\/v2\/comments?post=26"}],"version-history":[{"count":17,"href":"https:\/\/thriftsaga.com\/fr\/wp-json\/wp\/v2\/pages\/26\/revisions"}],"predecessor-version":[{"id":7131,"href":"https:\/\/thriftsaga.com\/fr\/wp-json\/wp\/v2\/pages\/26\/revisions\/7131"}],"wp:attachment":[{"href":"https:\/\/thriftsaga.com\/fr\/wp-json\/wp\/v2\/media?parent=26"}],"curies":[{"name":"wp","href":"https:\/\/api.w.org\/{rel}","templated":true}]}}