{"id":4923,"date":"2023-07-25T12:27:24","date_gmt":"2023-07-25T12:27:24","guid":{"rendered":"https:\/\/thriftsaga.com\/fr\/?page_id=4923"},"modified":"2025-09-30T08:27:48","modified_gmt":"2025-09-30T08:27:48","slug":"mentions-legales","status":"publish","type":"page","link":"https:\/\/thriftsaga.com\/fr\/mentions-legales\/","title":{"rendered":"Mentions l\u00e9gales"},"content":{"rendered":"<h5>\u00c9diteur<\/h5>\n<p>Le site Thriftsaga est \u00e9dit\u00e9 par:<br \/>\nNom de l\u2019entreprise : Thriftsaga<br \/>\nAdresse : 50, Esplanade, 9227 Diekirch, Luxembourg.<br \/>\nContactez-nous par e-mail : contact@thriftsaga.com<br \/>\nRufen Contactez-nous : +35(2) 777 481<\/p>\n<p>Directeur De La Publication<\/p>\n<p>Daniel Schroeder<\/p>\n<h5>D\u00e9claration De Confidentialit\u00e9<\/h5>\n<p>Thriftsaga s&#8217;engage \u00e0 prot\u00e9ger votre vie priv\u00e9e en ligne. S&#8217;il vous pla\u00eet lire la politique suivante pour comprendre comment vos informations personnelles seront trait\u00e9es comme vous faire pleinement l&#8217;utilisation de nos offres. cette politique peut \u00eatre mettre \u00e0 jour de temps en temps donc merci bien de v\u00e9rifier p\u00e9riodiquement. Cette d\u00e9claration de confidentialit\u00e9 ne couvre que le site Thriftsaga.<\/p>\n<h5>Informations Agr\u00e9g\u00e9es<\/h5>\n<p>informations agr\u00e9g\u00e9es, par exemple quelle page acc\u00e8s utilisateurs ou visite et les informations s&#8217;est port\u00e9e volontaire par les utilisateurs sont collect\u00e9es via diff\u00e9rentes m\u00e9thodes. Par exemple, Thriftsaga collecte les adresses IP; une adresse IP est un num\u00e9ro qui est automatiquement assign\u00e9 \u00e0 votre ordinateur lorsque vous naviguez sur le Web.les serveurs web(les ordinateurs qui \u00abservent \u00bb les pages Web) identifient automatiquement votre ordinateur par son adresse IP ; lorsque vous demandez une page Thriftsaga, nos serveurs enregistrent votre adresse IP .Thriftsaga utilise uniquement des adresses IP aux fins de l&#8217;analyse du trafic Web et les tendances.<\/p>\n<h5>Utilisation De l&#8217;Information<\/h5>\n<p>Thriftsaga recueille, stockage, partage et utilise les informations recueillies aupr\u00e8s de tiers. Alors que nous ne recueillons pas ou ne stockagons pas le mot de passe qui offre par des tiers , Nous pouvons recevoir ou stocker les jetons qui nous permettent de lier votre compte de Thriftsaga avec le fournisseur de service tiers. Nous utilisons les informations que nous recueillons sur nos utilisateurs pour savoir plus sur comment ils interagissent avec nos services pour commander les services \u00e0 leurs int\u00e9r\u00eats et am\u00e9liorer l&#8217;exp\u00e9rience utilisateur. Autres sites Web qui peut-\u00eatre \u00eatre accessibles par les liens de nos services peut-\u00eatre avoir leurs propres d\u00e9clarations de confidentialit\u00e9 et les pratiques de collecter ,utiliser et divulguer de renseignements personnels. Nos marchands et partenaires d&#8217;affaires ont \u00e9galement leurs propres d\u00e9clarations de confidentialit\u00e9. Thriftsaga s&#8217;engage \u00e0 travailler avec des tiers qui prot\u00e8gent et respectons votre confidentialit\u00e9.<\/p>\n<h5>Utilisation Des Cookies<\/h5>\n<p>Thriftsaga utilise des cookies pour ce site. Un cookie est un petit fichier de donn\u00e9es que les sites Web les plus grands \u00e9crivent sur votre disque pour conserver les dossiers. Les cookies permettent de Thriftsaga pour mesurer l&#8217;activit\u00e9 sur le site et d&#8217;am\u00e9liorer votre exp\u00e9rience de l&#8217;utilisateur, par exemple en souvenir de vos mots de passe et vos pr\u00e9f\u00e9rences.<\/p>\n<h5>Liens vers d&#8217;autres Sites web<\/h5>\n<p>Thriftsaga contient des liens vers d&#8217;autres sites que Thriftsaga;peut-\u00eatre ces sites ne suivent pas la m\u00eame politique de confidentialit\u00e9 avec Thriftsaga.<\/p>\n<h5>Effet de la politique de confidentialit\u00e9<\/h5>\n<p>Cette politique de confidentialit\u00e9 n&#8217;est pas pr\u00e9vue et ne cr\u00e9e aucun contractuel ou l\u00e9gal au nom d&#8217;aucun parti . Thriftsaga se r\u00e9serve le droit de mettre \u00e0 jour cette politique de confidentialit\u00e9 \u00e0 tout moment pour refl\u00e9ter les changements de nos pratiques et de nos offres de services. et les utilisateurs seront inform\u00e9s quand elle \u00e9t\u00e9 mise \u00e0 jour .En utilisant ce site signifie que vous \u00eates d\u2019accord aux politiques de confidentialit\u00e9 en ligne et les stipulations et les conditions d&#8217;utilisation.<\/p>\n<p>&nbsp;<\/p>\n","protected":false},"excerpt":{"rendered":"<p>\u00c9diteur Le site Thriftsaga est \u00e9dit\u00e9 par: Nom de l\u2019entreprise : Thriftsaga Adresse : 50, Esplanade, 9227 Diekirch, Luxembourg. Contactez-nous par e-mail : contact@thriftsaga.com Rufen Contactez-nous : +35(2) 777 481 Directeur De La Publication Daniel Schroeder D\u00e9claration De Confidentialit\u00e9 Thriftsaga s&#8217;engage \u00e0 prot\u00e9ger votre vie priv\u00e9e en ligne. S&#8217;il vous pla\u00eet lire la politique suivante [&hellip;]<\/p>\n","protected":false},"author":3,"featured_media":0,"parent":0,"menu_order":0,"comment_status":"closed","ping_status":"closed","template":"","meta":{"_acf_changed":false,"footnotes":""},"class_list":["post-4923","page","type-page","status-publish","hentry"],"acf":[],"yoast_head":"<!-- This site is optimized with the Yoast SEO plugin v26.0 - https:\/\/yoast.com\/wordpress\/plugins\/seo\/ -->\n<title>Mentions l\u00e9gales - Thriftsaga<\/title>\n<meta name=\"description\" content=\"Thriftsaga engage \u00e0 prot\u00e9ger votre vie priv\u00e9e en ligne. S&#039;il vous pla\u00eet lire la politique suivante pour comprendre comment vos information...\" \/>\n<meta name=\"robots\" content=\"index, follow, max-snippet:-1, max-image-preview:large, max-video-preview:-1\" \/>\n<link rel=\"canonical\" href=\"https:\/\/thriftsaga.com\/fr\/mentions-legales\/\" \/>\n<meta property=\"og:locale\" content=\"en_US\" \/>\n<meta property=\"og:type\" content=\"article\" \/>\n<meta property=\"og:title\" content=\"Mentions l\u00e9gales - Thriftsaga\" \/>\n<meta property=\"og:description\" content=\"Thriftsaga engage \u00e0 prot\u00e9ger votre vie priv\u00e9e en ligne. S&#039;il vous pla\u00eet lire la politique suivante pour comprendre comment vos information...\" \/>\n<meta property=\"og:url\" content=\"https:\/\/thriftsaga.com\/fr\/mentions-legales\/\" \/>\n<meta property=\"og:site_name\" content=\"Thriftsaga\" \/>\n<meta property=\"article:modified_time\" content=\"2025-09-30T08:27:48+00:00\" \/>\n<meta name=\"twitter:card\" content=\"summary_large_image\" \/>\n<meta name=\"twitter:label1\" content=\"Est. reading time\" \/>\n\t<meta name=\"twitter:data1\" content=\"3 minutes\" \/>\n<script type=\"application\/ld+json\" class=\"yoast-schema-graph\">{\"@context\":\"https:\/\/schema.org\",\"@graph\":[{\"@type\":\"WebPage\",\"@id\":\"https:\/\/thriftsaga.com\/fr\/mentions-legales\/\",\"url\":\"https:\/\/thriftsaga.com\/fr\/mentions-legales\/\",\"name\":\"Mentions l\u00e9gales - Thriftsaga\",\"isPartOf\":{\"@id\":\"https:\/\/thriftsaga.com\/fr\/#website\"},\"datePublished\":\"2023-07-25T12:27:24+00:00\",\"dateModified\":\"2025-09-30T08:27:48+00:00\",\"description\":\"Thriftsaga engage \u00e0 prot\u00e9ger votre vie priv\u00e9e en ligne. S'il vous pla\u00eet lire la politique suivante pour comprendre comment vos information...\",\"breadcrumb\":{\"@id\":\"https:\/\/thriftsaga.com\/fr\/mentions-legales\/#breadcrumb\"},\"inLanguage\":\"en-US\",\"potentialAction\":[{\"@type\":\"ReadAction\",\"target\":[\"https:\/\/thriftsaga.com\/fr\/mentions-legales\/\"]}]},{\"@type\":\"BreadcrumbList\",\"@id\":\"https:\/\/thriftsaga.com\/fr\/mentions-legales\/#breadcrumb\",\"itemListElement\":[{\"@type\":\"ListItem\",\"position\":1,\"name\":\"Home\",\"item\":\"https:\/\/thriftsaga.com\/fr\/\"},{\"@type\":\"ListItem\",\"position\":2,\"name\":\"Mentions l\u00e9gales\"}]},{\"@type\":\"WebSite\",\"@id\":\"https:\/\/thriftsaga.com\/fr\/#website\",\"url\":\"https:\/\/thriftsaga.com\/fr\/\",\"name\":\"Thriftsaga\",\"description\":\"\",\"potentialAction\":[{\"@type\":\"SearchAction\",\"target\":{\"@type\":\"EntryPoint\",\"urlTemplate\":\"https:\/\/thriftsaga.com\/fr\/?s={search_term_string}\"},\"query-input\":{\"@type\":\"PropertyValueSpecification\",\"valueRequired\":true,\"valueName\":\"search_term_string\"}}],\"inLanguage\":\"en-US\"}]}<\/script>\n<!-- \/ Yoast SEO plugin. -->","yoast_head_json":{"title":"Mentions l\u00e9gales - Thriftsaga","description":"Thriftsaga engage \u00e0 prot\u00e9ger votre vie priv\u00e9e en ligne. S'il vous pla\u00eet lire la politique suivante pour comprendre comment vos information...","robots":{"index":"index","follow":"follow","max-snippet":"max-snippet:-1","max-image-preview":"max-image-preview:large","max-video-preview":"max-video-preview:-1"},"canonical":"https:\/\/thriftsaga.com\/fr\/mentions-legales\/","og_locale":"en_US","og_type":"article","og_title":"Mentions l\u00e9gales - Thriftsaga","og_description":"Thriftsaga engage \u00e0 prot\u00e9ger votre vie priv\u00e9e en ligne. S'il vous pla\u00eet lire la politique suivante pour comprendre comment vos information...","og_url":"https:\/\/thriftsaga.com\/fr\/mentions-legales\/","og_site_name":"Thriftsaga","article_modified_time":"2025-09-30T08:27:48+00:00","twitter_card":"summary_large_image","twitter_misc":{"Est. reading time":"3 minutes"},"schema":{"@context":"https:\/\/schema.org","@graph":[{"@type":"WebPage","@id":"https:\/\/thriftsaga.com\/fr\/mentions-legales\/","url":"https:\/\/thriftsaga.com\/fr\/mentions-legales\/","name":"Mentions l\u00e9gales - Thriftsaga","isPartOf":{"@id":"https:\/\/thriftsaga.com\/fr\/#website"},"datePublished":"2023-07-25T12:27:24+00:00","dateModified":"2025-09-30T08:27:48+00:00","description":"Thriftsaga engage \u00e0 prot\u00e9ger votre vie priv\u00e9e en ligne. S'il vous pla\u00eet lire la politique suivante pour comprendre comment vos information...","breadcrumb":{"@id":"https:\/\/thriftsaga.com\/fr\/mentions-legales\/#breadcrumb"},"inLanguage":"en-US","potentialAction":[{"@type":"ReadAction","target":["https:\/\/thriftsaga.com\/fr\/mentions-legales\/"]}]},{"@type":"BreadcrumbList","@id":"https:\/\/thriftsaga.com\/fr\/mentions-legales\/#breadcrumb","itemListElement":[{"@type":"ListItem","position":1,"name":"Home","item":"https:\/\/thriftsaga.com\/fr\/"},{"@type":"ListItem","position":2,"name":"Mentions l\u00e9gales"}]},{"@type":"WebSite","@id":"https:\/\/thriftsaga.com\/fr\/#website","url":"https:\/\/thriftsaga.com\/fr\/","name":"Thriftsaga","description":"","potentialAction":[{"@type":"SearchAction","target":{"@type":"EntryPoint","urlTemplate":"https:\/\/thriftsaga.com\/fr\/?s={search_term_string}"},"query-input":{"@type":"PropertyValueSpecification","valueRequired":true,"valueName":"search_term_string"}}],"inLanguage":"en-US"}]}},"_links":{"self":[{"href":"https:\/\/thriftsaga.com\/fr\/wp-json\/wp\/v2\/pages\/4923","targetHints":{"allow":["GET"]}}],"collection":[{"href":"https:\/\/thriftsaga.com\/fr\/wp-json\/wp\/v2\/pages"}],"about":[{"href":"https:\/\/thriftsaga.com\/fr\/wp-json\/wp\/v2\/types\/page"}],"author":[{"embeddable":true,"href":"https:\/\/thriftsaga.com\/fr\/wp-json\/wp\/v2\/users\/3"}],"replies":[{"embeddable":true,"href":"https:\/\/thriftsaga.com\/fr\/wp-json\/wp\/v2\/comments?post=4923"}],"version-history":[{"count":8,"href":"https:\/\/thriftsaga.com\/fr\/wp-json\/wp\/v2\/pages\/4923\/revisions"}],"predecessor-version":[{"id":7230,"href":"https:\/\/thriftsaga.com\/fr\/wp-json\/wp\/v2\/pages\/4923\/revisions\/7230"}],"wp:attachment":[{"href":"https:\/\/thriftsaga.com\/fr\/wp-json\/wp\/v2\/media?parent=4923"}],"curies":[{"name":"wp","href":"https:\/\/api.w.org\/{rel}","templated":true}]}}